{"id":19,"date":"2013-09-10T12:54:02","date_gmt":"2013-09-10T10:54:02","guid":{"rendered":"http:\/\/style4me.eu\/?page_id=19"},"modified":"2013-09-10T12:55:55","modified_gmt":"2013-09-10T10:55:55","slug":"salon-domhof","status":"publish","type":"page","link":"https:\/\/style4me.eu\/?page_id=19","title":{"rendered":"Salon Domhof"},"content":{"rendered":"<p>Wir w\u00fcrden uns sehr freuen, wenn Sie uns im Domhof 3c besuchen kommen w\u00fcrden. In der folgenden Galerie k\u00f6nnen Sie bereits einen \u00dcberblick \u00fcber den Salon gewinnen.<\/p>\n<div id='gallery-1' class='gallery galleryid-19 gallery-columns-3 gallery-size-thumbnail'><figure class='gallery-item'>\n\t\t\t<div class='gallery-icon landscape'>\n\t\t\t\t<a href='https:\/\/style4me.eu\/?attachment_id=31'><img width=\"150\" height=\"150\" src=\"https:\/\/style4me.eu\/wp-content\/uploads\/2013\/09\/2013-09-06-11.55.00-150x150.jpg\" class=\"attachment-thumbnail size-thumbnail\" alt=\"\" decoding=\"async\" loading=\"lazy\" aria-describedby=\"gallery-1-31\" \/><\/a>\n\t\t\t<\/div>\n\t\t\t\t<figcaption class='wp-caption-text gallery-caption' id='gallery-1-31'>\n\t\t\t\tAu\u00dfenansicht\n\t\t\t\t<\/figcaption><\/figure><figure class='gallery-item'>\n\t\t\t<div class='gallery-icon landscape'>\n\t\t\t\t<a href='https:\/\/style4me.eu\/?attachment_id=23'><img width=\"150\" height=\"150\" src=\"https:\/\/style4me.eu\/wp-content\/uploads\/2013\/09\/2013-09-06-11.56.03-HDR-150x150.jpg\" class=\"attachment-thumbnail size-thumbnail\" alt=\"\" decoding=\"async\" loading=\"lazy\" aria-describedby=\"gallery-1-23\" \/><\/a>\n\t\t\t<\/div>\n\t\t\t\t<figcaption class='wp-caption-text gallery-caption' id='gallery-1-23'>\n\t\t\t\tRezeption\n\t\t\t\t<\/figcaption><\/figure><figure class='gallery-item'>\n\t\t\t<div class='gallery-icon landscape'>\n\t\t\t\t<a href='https:\/\/style4me.eu\/?attachment_id=21'><img width=\"150\" height=\"150\" src=\"https:\/\/style4me.eu\/wp-content\/uploads\/2013\/09\/2013-09-06-11.55.22-HDR-150x150.jpg\" class=\"attachment-thumbnail size-thumbnail\" alt=\"\" decoding=\"async\" loading=\"lazy\" aria-describedby=\"gallery-1-21\" \/><\/a>\n\t\t\t<\/div>\n\t\t\t\t<figcaption class='wp-caption-text gallery-caption' id='gallery-1-21'>\n\t\t\t\tWartebereich\n\t\t\t\t<\/figcaption><\/figure><figure class='gallery-item'>\n\t\t\t<div class='gallery-icon landscape'>\n\t\t\t\t<a href='https:\/\/style4me.eu\/?attachment_id=25'><img width=\"150\" height=\"150\" src=\"https:\/\/style4me.eu\/wp-content\/uploads\/2013\/09\/2013-09-06-11.56.17-HDR-150x150.jpg\" class=\"attachment-thumbnail size-thumbnail\" alt=\"\" decoding=\"async\" loading=\"lazy\" aria-describedby=\"gallery-1-25\" \/><\/a>\n\t\t\t<\/div>\n\t\t\t\t<figcaption class='wp-caption-text gallery-caption' id='gallery-1-25'>\n\t\t\t\tArbeitspl\u00e4tze\n\t\t\t\t<\/figcaption><\/figure><figure class='gallery-item'>\n\t\t\t<div class='gallery-icon landscape'>\n\t\t\t\t<a href='https:\/\/style4me.eu\/?attachment_id=27'><img width=\"150\" height=\"150\" src=\"https:\/\/style4me.eu\/wp-content\/uploads\/2013\/09\/2013-09-06-11.56.31-HDR-150x150.jpg\" class=\"attachment-thumbnail size-thumbnail\" alt=\"\" decoding=\"async\" loading=\"lazy\" aria-describedby=\"gallery-1-27\" \/><\/a>\n\t\t\t<\/div>\n\t\t\t\t<figcaption class='wp-caption-text gallery-caption' id='gallery-1-27'>\n\t\t\t\tWaschsessel\n\t\t\t\t<\/figcaption><\/figure>\n\t\t<\/div>\n\n<p>Sollten Sie gefallen an unserem Salon gefunden haben, so sind wir von<\/p>\n<p style=\"text-align: center;\">Mo.-Fr. von 10:00-19:00 Uhr<br \/>\nSa. von 10:00 &#8211; 16:00 Uhr<\/p>\n<p>f\u00fcr Sie da.<\/p>\n<p>Wenn Sie einen Termin machen m\u00f6chten, so erreichen Sie unser Team unter:<\/p>\n<p style=\"text-align: center;\">Tel.: 0541 \/ 91 55 66 84<\/p>\n","protected":false},"excerpt":{"rendered":"<p>Wir w\u00fcrden uns sehr freuen, wenn Sie uns im Domhof 3c besuchen kommen w\u00fcrden. In der folgenden Galerie k\u00f6nnen Sie bereits einen \u00dcberblick \u00fcber den Salon gewinnen. Sollten Sie gefallen an unserem Salon gefunden haben, so sind wir von Mo.-Fr. von 10:00-19:00 Uhr Sa. von 10:00 &#8211; 16:00 Uhr f\u00fcr Sie da. Wenn Sie einen &hellip; <a href=\"https:\/\/style4me.eu\/?page_id=19\" class=\"more-link\"><span class=\"screen-reader-text\">Salon Domhof<\/span> weiterlesen <span class=\"meta-nav\">&rarr;<\/span><\/a><\/p>\n","protected":false},"author":1,"featured_media":0,"parent":0,"menu_order":0,"comment_status":"closed","ping_status":"closed","template":"","meta":[],"_links":{"self":[{"href":"https:\/\/style4me.eu\/index.php?rest_route=\/wp\/v2\/pages\/19"}],"collection":[{"href":"https:\/\/style4me.eu\/index.php?rest_route=\/wp\/v2\/pages"}],"about":[{"href":"https:\/\/style4me.eu\/index.php?rest_route=\/wp\/v2\/types\/page"}],"author":[{"embeddable":true,"href":"https:\/\/style4me.eu\/index.php?rest_route=\/wp\/v2\/users\/1"}],"replies":[{"embeddable":true,"href":"https:\/\/style4me.eu\/index.php?rest_route=%2Fwp%2Fv2%2Fcomments&post=19"}],"version-history":[{"count":1,"href":"https:\/\/style4me.eu\/index.php?rest_route=\/wp\/v2\/pages\/19\/revisions"}],"predecessor-version":[{"id":33,"href":"https:\/\/style4me.eu\/index.php?rest_route=\/wp\/v2\/pages\/19\/revisions\/33"}],"wp:attachment":[{"href":"https:\/\/style4me.eu\/index.php?rest_route=%2Fwp%2Fv2%2Fmedia&parent=19"}],"curies":[{"name":"wp","href":"https:\/\/api.w.org\/{rel}","templated":true}]}}