{"id":62,"date":"2013-09-10T13:38:43","date_gmt":"2013-09-10T11:38:43","guid":{"rendered":"http:\/\/style4me.eu\/?page_id=62"},"modified":"2015-07-27T14:45:41","modified_gmt":"2015-07-27T12:45:41","slug":"preisliste-2","status":"publish","type":"page","link":"https:\/\/style4me.eu\/?page_id=62","title":{"rendered":"Preisliste"},"content":{"rendered":"<p>5<\/p>\n<table border=\"0\">\n<tbody>\n<tr>\n<td style=\"background-color: #680724;\"><strong><span style=\"color: #ffffff; font-size: medium;\">Standarddienstleistungen<\/span><\/strong><\/td>\n<td style=\"background-color: #680724; text-align: center;\"><span style=\"color: #ffffff;\">kurz <\/span><br \/>\n<span style=\"color: #ffffff;\">(bis 5cm)<\/span><\/td>\n<td style=\"background-color: #680724; text-align: center;\"><span style=\"color: #ffffff;\">mittel<\/span><br \/>\n<span style=\"color: #ffffff;\">(bis 20 cm)<\/span><\/td>\n<td style=\"background-color: #680724; text-align: center;\"><span style=\"color: #ffffff;\">lang <\/span><br \/>\n<span style=\"color: #ffffff;\">(bis 50cm)<\/span><\/td>\n<\/tr>\n<tr>\n<td>Waschen\/F\u00f6nen\/Legen<\/td>\n<td style=\"text-align: right;\">16,50<\/td>\n<td style=\"text-align: right;\">17,50<\/td>\n<td style=\"text-align: right;\">17,50<\/td>\n<\/tr>\n<tr>\n<td>Waschen\/Schneiden<\/td>\n<td style=\"text-align: right;\">16,50<\/td>\n<td style=\"text-align: right;\">17,50<\/td>\n<td style=\"text-align: right;\">17,50<\/td>\n<\/tr>\n<tr>\n<td>F\u00f6nen\/Frisur<\/td>\n<td style=\"text-align: right;\">16,50<\/td>\n<td style=\"text-align: right;\">17,50<\/td>\n<td style=\"text-align: right;\">17,50<\/td>\n<\/tr>\n<tr>\n<td>Selbstf\u00f6nen \/ inkl. Produkte<\/td>\n<td style=\"text-align: right;\">3,00<\/td>\n<td style=\"text-align: right;\">3,00<\/td>\n<td style=\"text-align: right;\">3,00<\/td>\n<\/tr>\n<tr>\n<td>Standardf\u00e4rbung<\/td>\n<td style=\"text-align: right;\">16,50<\/td>\n<td style=\"text-align: right;\">17,50<\/td>\n<td style=\"text-align: right;\">30,50<\/td>\n<\/tr>\n<tr>\n<td>Klassische Dauerwelle<\/td>\n<td style=\"text-align: right;\">24,50<\/td>\n<td style=\"text-align: right;\">27,50<\/td>\n<td style=\"text-align: right;\">40,50<\/td>\n<\/tr>\n<tr>\n<td>Folienstr\u00e4hnen (bis max. 10 Folien)<\/td>\n<td style=\"text-align: right;\">16,50<\/td>\n<td style=\"text-align: right;\">17,50<\/td>\n<td style=\"text-align: right;\">30,50<\/td>\n<\/tr>\n<tr>\n<td>Kammstr\u00e4hnen \/ Haubenstr\u00e4hnen<\/td>\n<td style=\"text-align: right;\">16,50<\/td>\n<td style=\"text-align: right;\">17,50<\/td>\n<td style=\"text-align: right;\"><\/td>\n<\/tr>\n<tr>\n<td>Wunschtermin<\/td>\n<td style=\"text-align: right;\">5,00<\/td>\n<td style=\"text-align: right;\">5,00<\/td>\n<td style=\"text-align: right;\">5,00<\/td>\n<\/tr>\n<tr>\n<td style=\"background-color: #680724;\"><strong><span style=\"color: #ffffff; font-size: medium;\">Besondere Friseurdienstleistungen<\/span><\/strong><\/td>\n<td style=\"background-color: #680724;\"><\/td>\n<td style=\"background-color: #680724;\"><\/td>\n<td style=\"background-color: #680724;\"><\/td>\n<\/tr>\n<tr>\n<td>Folienstr\u00e4hnen ab 11 St\u00fcck (pro Folie)<\/td>\n<td style=\"text-align: right;\">1,65<\/td>\n<td style=\"text-align: right;\">1,75<\/td>\n<td style=\"text-align: right;\">3,05<\/td>\n<\/tr>\n<tr>\n<td>Intensivt\u00f6nung<\/td>\n<td style=\"text-align: right;\">16,50<\/td>\n<td style=\"text-align: right;\">17,50<\/td>\n<td style=\"text-align: right;\">30,50<\/td>\n<\/tr>\n<tr>\n<td>Pflegedauerwelle Vital Styling<\/td>\n<td style=\"text-align: right;\">30,00<\/td>\n<td style=\"text-align: right;\">32,00<\/td>\n<td style=\"text-align: right;\">45,00<\/td>\n<\/tr>\n<tr>\n<td style=\"background-color: #680724;\"><span style=\"color: #ffffff;\"><strong><span style=\"font-size: medium;\">Pflege<\/span><\/strong><\/span><\/td>\n<td style=\"background-color: #680724;\"><\/td>\n<td style=\"background-color: #680724;\"><\/td>\n<td style=\"background-color: #680724;\"><\/td>\n<\/tr>\n<tr>\n<td>Haarkur<\/td>\n<td style=\"text-align: right;\">6,00<\/td>\n<td style=\"text-align: right;\">6,00<\/td>\n<td style=\"text-align: right;\">6,00<\/td>\n<\/tr>\n<tr>\n<td>Keratin Pflegebalsam<\/td>\n<td style=\"text-align: right;\">3,00<\/td>\n<td style=\"text-align: right;\">4,00<\/td>\n<td style=\"text-align: right;\">4,50<\/td>\n<\/tr>\n<tr>\n<td>Spr\u00fchkur \/ Farbfestiger<\/td>\n<td style=\"text-align: right;\">3,00<\/td>\n<td style=\"text-align: right;\">3,00<\/td>\n<td style=\"text-align: right;\">3,00<\/td>\n<\/tr>\n<tr>\n<td>Vorpigmentierung<\/td>\n<td style=\"text-align: right;\">4,50<\/td>\n<td style=\"text-align: right;\">4,50<\/td>\n<td style=\"text-align: right;\">4,50<\/td>\n<\/tr>\n<\/tbody>\n<\/table>\n<p>Alle Preise sind Euro-Preise inkl. MwSt.<\/p>\n","protected":false},"excerpt":{"rendered":"<p>5 Standarddienstleistungen kurz (bis 5cm) mittel (bis 20 cm) lang (bis 50cm) Waschen\/F\u00f6nen\/Legen 16,50 17,50 17,50 Waschen\/Schneiden 16,50 17,50 17,50 F\u00f6nen\/Frisur 16,50 17,50 17,50 Selbstf\u00f6nen \/ inkl. Produkte 3,00 3,00 3,00 Standardf\u00e4rbung 16,50 17,50 30,50 Klassische Dauerwelle 24,50 27,50 40,50 Folienstr\u00e4hnen (bis max. 10 Folien) 16,50 17,50 30,50 Kammstr\u00e4hnen \/ Haubenstr\u00e4hnen 16,50 17,50 Wunschtermin 5,00 &hellip; <a href=\"https:\/\/style4me.eu\/?page_id=62\" class=\"more-link\"><span class=\"screen-reader-text\">Preisliste<\/span> weiterlesen <span class=\"meta-nav\">&rarr;<\/span><\/a><\/p>\n","protected":false},"author":1,"featured_media":0,"parent":0,"menu_order":0,"comment_status":"closed","ping_status":"closed","template":"","meta":[],"_links":{"self":[{"href":"https:\/\/style4me.eu\/index.php?rest_route=\/wp\/v2\/pages\/62"}],"collection":[{"href":"https:\/\/style4me.eu\/index.php?rest_route=\/wp\/v2\/pages"}],"about":[{"href":"https:\/\/style4me.eu\/index.php?rest_route=\/wp\/v2\/types\/page"}],"author":[{"embeddable":true,"href":"https:\/\/style4me.eu\/index.php?rest_route=\/wp\/v2\/users\/1"}],"replies":[{"embeddable":true,"href":"https:\/\/style4me.eu\/index.php?rest_route=%2Fwp%2Fv2%2Fcomments&post=62"}],"version-history":[{"count":5,"href":"https:\/\/style4me.eu\/index.php?rest_route=\/wp\/v2\/pages\/62\/revisions"}],"predecessor-version":[{"id":77,"href":"https:\/\/style4me.eu\/index.php?rest_route=\/wp\/v2\/pages\/62\/revisions\/77"}],"wp:attachment":[{"href":"https:\/\/style4me.eu\/index.php?rest_route=%2Fwp%2Fv2%2Fmedia&parent=62"}],"curies":[{"name":"wp","href":"https:\/\/api.w.org\/{rel}","templated":true}]}}